{"id":51,"date":"2009-11-24T21:46:03","date_gmt":"2009-11-24T20:46:03","guid":{"rendered":"http:\/\/www.tauss-gezwitscher.de\/?page_id=51"},"modified":"2013-05-22T07:51:18","modified_gmt":"2013-05-22T05:51:18","slug":"impressum","status":"publish","type":"page","link":"https:\/\/www.tauss-gezwitscher.de\/?page_id=51","title":{"rendered":"Impressum"},"content":{"rendered":"<p>Diese Seite \u00a0tauss-gezwitscher.de geh\u00f6rt, wie die alte Seite tauss.de, dem fr\u00fcheren Bundestagsabgeordneten<\/p>\n<p><em><strong>J\u00f6rg Tauss, Hauptstr<\/strong><\/em><em><strong>. 34,\u00a076703 Kraichtal &#8211; Gochsheim<\/strong><\/em><\/p>\n<p><em><strong><\/strong><\/em>Tel.: 07258 926479,\u00a0Mail: buero at tauss.de . Damit sind jetzt also 3 von mindestens 2 nach Gesetz und Rechtsprechung erw\u00fcnschten Kommunikationswegen \u00a0genannt.<\/p>\n<p>Ich habe diese Adressen \u00fcbrigens bis hin zum Einwohnermeldeamt der Stadt Kraichtal nat\u00fcrlich ordentlich registrieren lassen.<\/p>\n<p>Beweis:\u00a0Zeugnis Denic bis hin zum B\u00fcrgermeister der Stadt Kraichtal\u00a0<a href=\"http:\/\/www.kraichtal.de\/\">http:\/\/kraichtal.de\/<\/a><\/p>\n<p>Ich besitze keinen Handelsregistereintrag und auch keine USt.-ID.<\/p>\n<p>Ich vermeide es, aufgrund dessen chaotischer Internetrechtsprechung gerne, zum LG Hamburg oder \u00e4hnlichen fragw\u00fcrdigen Organen der Rechtspflege zu verlinken. Mit solchen juristischen Internetausdruckern will man n\u00e4mlich ungern zu tun haben. Nur als Tipp: Entgegen allgemeiner Annahmen gen\u00fcgen solchen Richtern \u00a0Distanzierungen von irgendwelchen Link- Inhalten im Zweifel nicht.<\/p>\n<p>Dennoch distanziere ich mich jetzt f\u00f6rmlich und in aller Feierlichkeit an dieser Stelle pauschal von irgendwelchen Links, deren Inhalte irgendwelchen Justizorganen im fernen Hamburg oder sonst wo in unserer Republik aus welchen Gr\u00fcnden auch immer nicht passen. Solche Inhalte mache ich mir als braver Staatsb\u00fcrger selbstverst\u00e4ndlich auch NICHT zu eigen und habe sie mir nie zu eigen gemacht.<\/p>\n<p>Allerdings \u00a0ist das Leben entgegen der Auffassung von manchen Hamburger Richtern nicht wirklich simpel. Mein Einfluss auf verlinkte Seiten, es sei denn zu meinen eigenen Inhalten, ist leider begrenzt bis nicht vorhanden. Deshalb kann ich f\u00fcr schlimme und verwerfliche politische oder sonstige Inhalte, die weder Gesellschaft noch Justiz passen, selbst dann keine Verantwortung \u00fcbernehmen, wenn sie mir pers\u00f6nlich irgendwie ganz gut gefallen sollten. Das k\u00f6nnte ich mir aber auch gar nicht vorstellen.<\/p>\n<p>Leider wei\u00df ich aber in der Regel nicht, was dort so alles drauf zu finden ist , zu finden sein k\u00f6nnte oder dort gar, ohne mich zu informieren, ver\u00e4ndert wurde. Schliesslich komme ich nicht jeden Tag dazu, alles m\u00f6gliche auf falsche, ver\u00e4nderte oder neue Inhalte zu \u00fcberpr\u00fcfen. Sollten also Justizbeh\u00f6rden oder andere Personen solche Dinge entdecken, die mir irgendwie nicht gefallen w\u00fcrden, bin ich f\u00fcr einen Hinweis dankbar und verlinke dann nicht mehr.<\/p>\n<p>Sollte davon unabh\u00e4ngig jemand der Auffassung sein, ich h\u00e4tte mit den Inhalten oder Fotos meiner Seiten oder anderer Seiten irgendwelche Marken- oder die sonstigen guten alten analogen Urheberrechte verletzt, m\u00f6ge diese Person mir dies bitte gleichfalls in geeigneter Form schriftlich oder pers\u00f6nlich, gerne auch beim Bier, \u00a0mitteilen.<\/p>\n<p>Noch ein Wort zu Abmahnungen: Auf meinen Seiten findet man deutliche Worte. Abmahnungen in Nichtigkeiten, z. B. durch Anw\u00e4lte der Kinderpornospendenindustrie, \u00a0wie der Deutschen Kinderhilfe, und ohne vorherige Kontaktaufnahme verstimmen mich jedoch ernsthaft und werden wegen Verletzung der Schadensminderungspflicht als unbegr\u00fcndet und in harschen Worten, ggf. wiederum mit anwaltlicher Hilfe, \u00a0zur\u00fcckgewiesen.<\/p>\n<p>Sollte jemand etwas gefunden haben, was sogar dieses mit viel Herzblut geschriebene Impressum in Teilen oder ganz als nicht korrekt erscheinen l\u00e4sst, m\u00f6ge \u00a0sie oder er \u00a0mir dies gleichfalls mitteilen. Nur am Rande seien daher evtl. anzumahnende Dinge wie zu Paragraphen 5 oder 55 etc. in diversen Bestimmungen erw\u00e4hnt.<\/p>\n<p>Tippfehler d\u00fcrfen gesammelt und behalten werden.<\/p>\n<p><strong>Alle Artikel des Blogs tauss-gezwitscher stehen unter <a href=\"http:\/\/creativecommons.org\/licenses\/by-nc-sa\/2.0\/de\/\">CC <\/a><\/strong><strong>und k\u00f6nnen mit Hinweis auf den Autor \u00fcbernommen werden. Eine kommerzielle Nutzung ist Redaktionen und anderen Bloggern &#8211; gleichfalls unter Namensnennung &#8211; nach R\u00fcckfrage erlaubt.<\/strong><\/p>\n<p>In diesem Sinne alles Gute und beste Gr\u00fc\u00dfe vom Impressum und von mir als mein eigener Betreiber, Verantwortlicher, Jugend(medien)schutzbeauftragter etc. etc. \u00a0von tauss-gezwitscher und tauss.de<\/p>\n","protected":false},"excerpt":{"rendered":"<p>Diese Seite \u00a0tauss-gezwitscher.de geh\u00f6rt, wie die alte Seite tauss.de, dem fr\u00fcheren Bundestagsabgeordneten J\u00f6rg Tauss, Hauptstr. 34,\u00a076703 Kraichtal &#8211; Gochsheim Tel.: 07258 926479,\u00a0Mail: buero at tauss.de . Damit sind jetzt also 3 von mindestens 2 nach Gesetz und Rechtsprechung erw\u00fcnschten Kommunikationswegen \u00a0genannt. Ich habe diese Adressen \u00fcbrigens bis hin zum Einwohnermeldeamt der Stadt Kraichtal nat\u00fcrlich ordentlich [&hellip;]<\/p>\n","protected":false},"author":3,"featured_media":0,"parent":0,"menu_order":2,"comment_status":"closed","ping_status":"closed","template":"","meta":{"footnotes":""},"class_list":["post-51","page","type-page","status-publish","hentry"],"_links":{"self":[{"href":"https:\/\/www.tauss-gezwitscher.de\/index.php?rest_route=\/wp\/v2\/pages\/51","targetHints":{"allow":["GET"]}}],"collection":[{"href":"https:\/\/www.tauss-gezwitscher.de\/index.php?rest_route=\/wp\/v2\/pages"}],"about":[{"href":"https:\/\/www.tauss-gezwitscher.de\/index.php?rest_route=\/wp\/v2\/types\/page"}],"author":[{"embeddable":true,"href":"https:\/\/www.tauss-gezwitscher.de\/index.php?rest_route=\/wp\/v2\/users\/3"}],"replies":[{"embeddable":true,"href":"https:\/\/www.tauss-gezwitscher.de\/index.php?rest_route=%2Fwp%2Fv2%2Fcomments&post=51"}],"version-history":[{"count":27,"href":"https:\/\/www.tauss-gezwitscher.de\/index.php?rest_route=\/wp\/v2\/pages\/51\/revisions"}],"predecessor-version":[{"id":59,"href":"https:\/\/www.tauss-gezwitscher.de\/index.php?rest_route=\/wp\/v2\/pages\/51\/revisions\/59"}],"wp:attachment":[{"href":"https:\/\/www.tauss-gezwitscher.de\/index.php?rest_route=%2Fwp%2Fv2%2Fmedia&parent=51"}],"curies":[{"name":"wp","href":"https:\/\/api.w.org\/{rel}","templated":true}]}}