{"id":3,"date":"2011-11-03T10:30:33","date_gmt":"2011-11-03T09:30:33","guid":{"rendered":"http:\/\/www.tauss-gezwitscher.de\/blog\/?page_id=3"},"modified":"2021-01-25T10:45:57","modified_gmt":"2021-01-25T09:45:57","slug":"uber-mich","status":"publish","type":"page","link":"https:\/\/www.tauss-gezwitscher.de\/?page_id=3","title":{"rendered":"\u00dcber mich"},"content":{"rendered":"<h1>Mal was allgemeines&#8230;..<\/h1>\n<p>auch an dieser Stelle nochmals herzlich willkommen bei tauss-gezwitscher.<\/p>\n<p>Als &#8222;Blogger&#8220; begann ich im Jahre 2009. Dieses <strong><em>tauss-gezwitscher<\/em><\/strong> ist auch die Nachfolgeseite und somit das <a href=\"http:\/\/jaccomat.net\/net\/jtauss\/index.php\/\">&#8222;Archiv&#8220; von <em>www.tauss.de<\/em> <\/a>aus meiner Zeit im <em>Deutschen Bundestag <\/em>(1994 &#8211; 2009). Ich war \u00fcbrigens der erste MdB mit eigenen Homepage und Initiator des damaligen virtuellen SPD- Ortsvereins&#8230;. \ud83d\ude09 Netzpolitisch hat sich meine fr\u00fchere Partei allerdings sp\u00e4testens seit 2008 leider nur noch zur\u00fcckentwickelt.<\/p>\n<p>N\u00e4heres zu meiner &#8222;Vita&#8220; findet man unten auf dieser Seite. Ich schreibe gelegentlich zu aktuellen politischen Vorg\u00e4ngen, ver\u00f6ffentliche aber gerne auch mal ein Marmeladenrezept oder Bilder von irgendwelchen Touren in Europa, Kanada, Neuseeland oder in der n\u00e4heren Umgebung.<\/p>\n<p>Ich freue mich immer auf \u00a0interessante und kritische Beitr\u00e4ge und Kommentare. Kein Kommentar wird &#8222;zensiert&#8220;, der keine Beleidigungen gegen Dritte oder mich enth\u00e4lt oder mit dem zu kommentierenden Thema auch beim besten Willen nichts zu tun hat.<\/p>\n<h1>Kurzbiographie zu J\u00f6rg Tauss<\/h1>\n<div>\n<div style=\"width: 300px;\">\n<p><img loading=\"lazy\" decoding=\"async\" src=\"http:\/\/jaccomat.net\/net\/jtauss\/images\/user_pages\/2006_joergirmgardkleiner.jpg\" alt=\"\" width=\"300\" height=\"225\" \/><\/p>\n<\/div>\n<p><strong>J\u00f6rg Tauss<\/strong><\/p>\n<p>Jahrgang 1953, seit 1976 verheiratet mit Irmgard Tauss, seit Dezember 2019 im &#8222;Unruhestand&#8220;. Wir wohnen im <a href=\"https:\/\/www.wunderbares-kraichtal.de\">sch\u00f6nen Kraichtal<\/a>, konkret im nicht minder sch\u00f6nen Stadtteil Gochsheim.<\/p>\n<p>Grund-\/Realschule, ab 1969 Lehre und T\u00e4tigkeit als Lebens\u00adversicherungs\u00adkaufmann (Fach\u00adbereich betriebliche Alters\u00adversorgung), 1973 bis 1984 haupt\u00adamtliche gewerk\u00adschaftliche T\u00e4tigkeit bei der DAG in Stuttgart, Hamburg und Esslingen, Arbeits-und Sozialrecht; 1984 bis 1986 frei\u00adberufliche T\u00e4tigkeit; 1986 bis 1994 haupt\u00adamtliche T\u00e4tigkeit bei der IG Metall (2. Bevoll\u00adm\u00e4chtigter bei der IG Metall Bruchsal, Technologie\u00adberatung f\u00fcr Betriebs\u00adr\u00e4te; ab 1990 Presse\u00adsprecher der IGM-Bezirks\u00adleitung Baden-W\u00fcrttem\u00adberg); 1994 &#8211; 2009 Mitglied des Deutschen Bundestages, dann wieder freie T\u00e4tigkeit. &#8222;Unruhestand&#8220; seit Dezember 2019.<br \/>\n<strong><br \/>\nFr\u00fchere politische Arbeit\u00a0<\/strong><\/p>\n<p>Bis 6.3.2009 Sprecher f\u00fcr Bildung, Forschung und Medien der SPD-Bundestags\u00adfraktion, Initiator und erster Vorsitzender des Unterausschusses Neue Medien beim BT- Ausschuss f\u00fcr Kultur und Medien, Mitglied im Kuratorium des Wissen\u00adschaftsrats der SPD, Mitglied des Fraktions\u00advorstands, Mitglied der Medien\u00adkommission beim SPD-Parteivorstand, Vorstands-und Gr\u00fcndungs\u00admitglied des Virtuellen Ortsvereins der SPD, Gespr\u00e4chs\u00adkreis Bildung beim Partei\u00advorstand, General\u00adsekret\u00e4r der SPD Baden-W\u00fcrttemberg, Austritt aus der SPD am 20. Juni 2009.<\/p>\n<p>Mitarbeit und erster MdB in der <strong>Piratenpartei<\/strong>, bis zu meiner Verurteilung im Jahre 2010 auch als Mitglied. Ich trat aus, um die Partei mit meiner Justizposse nicht zu belasten. Aktiv war ich dort aber noch bis zur Bundestagswahl 2013. Dann trennten sich die Wege endg\u00fcltig. Heute geh\u00f6re ich keiner Partei mehr an. Vor allem wegen der au\u00dfenpolitischen Ausrichtung f\u00fchle ich mich aber bei der &#8222;Linken&#8220;, zumindest als W\u00e4hler, aktuell \u00a0am Besten aufgehoben.<\/p>\n<p><strong>Sonstiges:<\/strong><\/p>\n<p>Ich bin in zahlreichen Organisationen sowie \u00f6rtlichen und \u00fcber\u00f6rtlichen Vereinen Mitglied Und\/ oder unterst\u00fctze sie gerne mit Spenden bzw. Beitr\u00e4gen:<\/p>\n<p><strong>Gewerkschaften:<\/strong> IG Metall, ver.di,<\/p>\n<p><strong>Internet und B\u00fcrgerrechte:<\/strong> Chaos Computer Club (CCC), FIfF e.V., Digital Courage, ParlamentWatch, Gesellschaft f\u00fcr Freiheitsrechte, Gesellschaft f\u00fcr Informatik (Fachgruppe Internet und Gesellschaft),<\/p>\n<p><strong>Sonstige:<\/strong> Natur\u00adfreunde, Plant the Planet, Heimat- und Museumsverein Kraichtal (HuMV Gochsheim), Sportvereine etc..<\/p>\n<p><strong>V\u00f6lkerverst\u00e4ndigung:<\/strong>\u00a0WOG e.V. Seit 2012 bin ich zugleich ehrenamtlich \u00a0<a href=\"http:\/\/www.russlandbruecke.de\">Landesvorsitzender der\u00a0West-Ost-Gesellschaft in Baden- W\u00fcrttemberg e.V. (WOG) wog-bawue.de .\u00a0<\/a><br \/>\n<strong><br \/>\nVerschiedene Publikationen und Ver\u00f6ffent\u00adlichungen:<\/strong><\/p>\n<p>&#8222;Deutschlands Weg in die Informations\u00adgesellschaft&#8220; (Hsg.), Nomos 1996, mehrfach \u00a0Jahrb\u00fccher Tele\u00adkommunikation, Zeitschrift f\u00fcr Gesetz\u00adgebung (2002), &#8222;Rechts\u00addurchsetzung im Cyber\u00adspace&#8220; (2002), &#8222;Modernisierung des Daten\u00adschutzes: Wege aus der Sack\u00adgasse&#8220; (2004), &#8222;Innovativer Daten\u00adschutz 1992 -2004: W\u00fcnsche, Wege, Wirklichkeit&#8220; (2004), u.a. zu Themen Datenschutz, IT- Sicherheit, Bildung und Forschung, zu &#8222;Open Access&#8220;, Handbuch der Deutschen UNESCO-Kommission (2008), Verantwortlich f\u00fcr die WOG als Herausgeber: (Foto-)Buch &#8222;30 Jahre Tschernobyl&#8220; (2016), seit 2009 Betreiber Blog tauss-gezwitscher.de. Gelegentlich schreibe ich u. a. f\u00fcr <a href=\"https:\/\/www.heise.de\/tp\/\">Telepolis.\u00a0<\/a><\/p>\n<\/div>\n","protected":false},"excerpt":{"rendered":"<p>Mal was allgemeines&#8230;.. auch an dieser Stelle nochmals herzlich willkommen bei tauss-gezwitscher. Als &#8222;Blogger&#8220; begann ich im Jahre 2009. Dieses tauss-gezwitscher ist auch die Nachfolgeseite und somit das &#8222;Archiv&#8220; von www.tauss.de aus meiner Zeit im Deutschen Bundestag (1994 &#8211; 2009). Ich war \u00fcbrigens der erste MdB mit eigenen Homepage und Initiator des damaligen virtuellen SPD- [&hellip;]<\/p>\n","protected":false},"author":3,"featured_media":0,"parent":0,"menu_order":1,"comment_status":"closed","ping_status":"open","template":"","meta":{"footnotes":""},"class_list":["post-3","page","type-page","status-publish","hentry"],"_links":{"self":[{"href":"https:\/\/www.tauss-gezwitscher.de\/index.php?rest_route=\/wp\/v2\/pages\/3","targetHints":{"allow":["GET"]}}],"collection":[{"href":"https:\/\/www.tauss-gezwitscher.de\/index.php?rest_route=\/wp\/v2\/pages"}],"about":[{"href":"https:\/\/www.tauss-gezwitscher.de\/index.php?rest_route=\/wp\/v2\/types\/page"}],"author":[{"embeddable":true,"href":"https:\/\/www.tauss-gezwitscher.de\/index.php?rest_route=\/wp\/v2\/users\/3"}],"replies":[{"embeddable":true,"href":"https:\/\/www.tauss-gezwitscher.de\/index.php?rest_route=%2Fwp%2Fv2%2Fcomments&post=3"}],"version-history":[{"count":40,"href":"https:\/\/www.tauss-gezwitscher.de\/index.php?rest_route=\/wp\/v2\/pages\/3\/revisions"}],"predecessor-version":[{"id":6113,"href":"https:\/\/www.tauss-gezwitscher.de\/index.php?rest_route=\/wp\/v2\/pages\/3\/revisions\/6113"}],"wp:attachment":[{"href":"https:\/\/www.tauss-gezwitscher.de\/index.php?rest_route=%2Fwp%2Fv2%2Fmedia&parent=3"}],"curies":[{"name":"wp","href":"https:\/\/api.w.org\/{rel}","templated":true}]}}